{"id":7170,"date":"2023-12-04T10:33:53","date_gmt":"2023-12-04T09:33:53","guid":{"rendered":"https:\/\/actief-hartmanns.dk\/finance-and-insurance\/"},"modified":"2024-02-15T14:55:24","modified_gmt":"2024-02-15T13:55:24","slug":"finance-and-insurance","status":"publish","type":"page","link":"https:\/\/actief-hartmanns.dk\/en\/finance-and-insurance\/","title":{"rendered":"Finance and Insurance"},"content":{"rendered":"<div class=\"hero-section slim\">\n\t<div class=\"container\">\n\t\t<div class=\"row\">\n\t\t\t<div class=\"col-10 col-lg-7 col-xl-5 offset-1\">\n\t\t\t\t<h1 class=\"heading\"><\/h1>\n\t\t\t\t<p class=\"subtitle\"><\/p>\n\t\t\t\t\t\t\t<\/div>\n\t\t<\/div>\n\t\t<div class=\"hero-section__background\">\n\t\t\t<img loading=\"lazy\" decoding=\"async\" width=\"2560\" height=\"1632\" src=\"https:\/\/actief-hartmanns.dk\/wp-content\/uploads\/2023\/12\/adobestock_328837895-scaled-e1702389152851.jpeg\" class=\"attachment-full size-full\" alt=\"Skr\u00e6ddersyede l\u00f8sninger til ans\u00e6ttelse, udvikling og Outplacement i Finans- og forsikringssektoren\" \/>\t\t\t<div class=\"overlay\"><\/div>\n\t\t<\/div>\n\t<\/div>\n<\/div>\n<div class=\"cs-text-section article-background\">\n\t<article class=\"node node--type-cs-text node--view-mode-full node--columns--1\">\n\t\t<div class=\"node__content\">\n\t\t\t<div class=\"text__column\">\n\t\t\t\t<h1>Finance and Insurance<\/h1>\n<p>With our long-standing and effective collaboration with the finance and insurance sector, we understand the unique challenges and requirements this dynamic sector poses. We are dedicated to delivering tailored solutions within employment, development and outplacement that strengthen your image and your results.<\/p>\n<h2>Employment:<\/h2>\n<p>We specialize in identifying, evaluating and attracting highly qualified specialists for finance and insurance positions. Our goal is to ensure that your organization is equipped to meet the challenges of the future by having the right people with the right skills.<\/p>\n<p>Our strategy is targeted at identifying and engaging passive candidates. We leverage our established networks and resources to ensure you are presented with the best available talent with the necessary skills and industry understanding critical to success in the world of finance and insurance. We specialize in recruiting for specialist roles so you can build a team of experts to match the unique needs of your business.<\/p>\n<h2>Outplacement:<\/h2>\n<p>With our Newplacement course, we create added value for professionals in the finance and insurance sector by facilitating transitions to new and exciting career opportunities. Our experienced team of consultants understands the dynamics of the sector and help identify pathways for successful transitions. Our consultants are specialists in the finance and insurance sectors and understand the unique requirements and opportunities in these industries.<\/p>\n<p>&nbsp;<\/p>\n\t\t\t<\/div>\n\t\t\t\t\t<\/div>\n\t\t\t\t\t<div class=\"node--type-page\">\n\t\t\t\t<div class=\"share__shareoptions-wrapper\">\n\t\t\t\t\t<div class=\"share__shareoptions\">\n\t\t\t\t\t\t<div class=\"shareButtonsText\">\n\t\t\t\t\t\t\t<p>Share:<\/p>\n\t\t\t\t\t\t<\/div>\n\t\t\t\t\t\t<div class=\"socialIcons\">\n\t\t\t\t\t\t\t<a href=\"https:\/\/www.linkedin.com\/shareArticle?mini=true&amp;url=https:\/\/actief-hartmanns.dk\/en\/finance-and-insurance\/\" target=\"_blank\" class=\"shareoption in\"><\/a>\n\t\t\t\t\t\t\t<a href=\"https:\/\/www.facebook.com\/sharer\/sharer.php?u=https:\/\/actief-hartmanns.dk\/en\/finance-and-insurance\/\" target=\"_blank\" class=\"shareoption fb\"><\/a>\n\t\t\t\t\t\t<\/div>\n\t\t\t\t\t<\/div>\n\t\t\t\t<\/div>\n\t\t\t<\/div>\n\t\t\t<\/article>\n<\/div>\n\n<div style=\"height:35px\" aria-hidden=\"true\" class=\"wp-block-spacer\"><\/div>\n","protected":false},"excerpt":{"rendered":"","protected":false},"author":5,"featured_media":0,"parent":0,"menu_order":0,"comment_status":"closed","ping_status":"closed","template":"","meta":{"_acf_changed":false,"inline_featured_image":false,"footnotes":""},"class_list":["post-7170","page","type-page","status-publish","hentry"],"acf":[],"yoast_head":"<!-- This site is optimized with the Yoast SEO plugin v27.5 - https:\/\/yoast.com\/product\/yoast-seo-wordpress\/ -->\n<title>Finance and Insurance | Actief Hartmanns<\/title>\n<meta name=\"robots\" content=\"index, follow, max-snippet:-1, max-image-preview:large, max-video-preview:-1\" \/>\n<link rel=\"canonical\" href=\"https:\/\/actief-hartmanns.dk\/en\/finance-and-insurance\/\" \/>\n<meta property=\"og:locale\" content=\"en_US\" \/>\n<meta property=\"og:type\" content=\"article\" \/>\n<meta property=\"og:title\" content=\"Finance and Insurance | Actief Hartmanns\" \/>\n<meta property=\"og:url\" content=\"https:\/\/actief-hartmanns.dk\/en\/finance-and-insurance\/\" \/>\n<meta property=\"og:site_name\" content=\"Actief Hartmanns\" \/>\n<meta property=\"article:publisher\" content=\"https:\/\/www.facebook.com\/actiefhartmanns\" \/>\n<meta property=\"article:modified_time\" content=\"2024-02-15T13:55:24+00:00\" \/>\n<meta name=\"twitter:card\" content=\"summary_large_image\" \/>\n<script type=\"application\/ld+json\" class=\"yoast-schema-graph\">{\"@context\":\"https:\\\/\\\/schema.org\",\"@graph\":[{\"@type\":\"WebPage\",\"@id\":\"https:\\\/\\\/actief-hartmanns.dk\\\/en\\\/finance-and-insurance\\\/\",\"url\":\"https:\\\/\\\/actief-hartmanns.dk\\\/en\\\/finance-and-insurance\\\/\",\"name\":\"Finance and Insurance | Actief Hartmanns\",\"isPartOf\":{\"@id\":\"https:\\\/\\\/actief-hartmanns.dk\\\/en\\\/#website\"},\"datePublished\":\"2023-12-04T09:33:53+00:00\",\"dateModified\":\"2024-02-15T13:55:24+00:00\",\"breadcrumb\":{\"@id\":\"https:\\\/\\\/actief-hartmanns.dk\\\/en\\\/finance-and-insurance\\\/#breadcrumb\"},\"inLanguage\":\"en-US\",\"potentialAction\":[{\"@type\":\"ReadAction\",\"target\":[\"https:\\\/\\\/actief-hartmanns.dk\\\/en\\\/finance-and-insurance\\\/\"]}]},{\"@type\":\"BreadcrumbList\",\"@id\":\"https:\\\/\\\/actief-hartmanns.dk\\\/en\\\/finance-and-insurance\\\/#breadcrumb\",\"itemListElement\":[{\"@type\":\"ListItem\",\"position\":1,\"name\":\"Home\",\"item\":\"https:\\\/\\\/actief-hartmanns.dk\\\/en\\\/\"},{\"@type\":\"ListItem\",\"position\":2,\"name\":\"Posts\",\"item\":\"https:\\\/\\\/actief-hartmanns.dk\\\/en\\\/blog\\\/\"},{\"@type\":\"ListItem\",\"position\":3,\"name\":\"Finance and Insurance\"}]},{\"@type\":\"WebSite\",\"@id\":\"https:\\\/\\\/actief-hartmanns.dk\\\/en\\\/#website\",\"url\":\"https:\\\/\\\/actief-hartmanns.dk\\\/en\\\/\",\"name\":\"Actief Hartmanns\",\"description\":\"\",\"publisher\":{\"@id\":\"https:\\\/\\\/actief-hartmanns.dk\\\/en\\\/#organization\"},\"potentialAction\":[{\"@type\":\"SearchAction\",\"target\":{\"@type\":\"EntryPoint\",\"urlTemplate\":\"https:\\\/\\\/actief-hartmanns.dk\\\/en\\\/?s={search_term_string}\"},\"query-input\":{\"@type\":\"PropertyValueSpecification\",\"valueRequired\":true,\"valueName\":\"search_term_string\"}}],\"inLanguage\":\"en-US\"},{\"@type\":\"Organization\",\"@id\":\"https:\\\/\\\/actief-hartmanns.dk\\\/en\\\/#organization\",\"name\":\"Actief Hartmanns\",\"url\":\"https:\\\/\\\/actief-hartmanns.dk\\\/en\\\/\",\"logo\":{\"@type\":\"ImageObject\",\"inLanguage\":\"en-US\",\"@id\":\"https:\\\/\\\/actief-hartmanns.dk\\\/en\\\/#\\\/schema\\\/logo\\\/image\\\/\",\"url\":\"https:\\\/\\\/actief-hartmanns.dk\\\/wp-content\\\/uploads\\\/2023\\\/05\\\/logo.png\",\"contentUrl\":\"https:\\\/\\\/actief-hartmanns.dk\\\/wp-content\\\/uploads\\\/2023\\\/05\\\/logo.png\",\"width\":212,\"height\":47,\"caption\":\"Actief Hartmanns\"},\"image\":{\"@id\":\"https:\\\/\\\/actief-hartmanns.dk\\\/en\\\/#\\\/schema\\\/logo\\\/image\\\/\"},\"sameAs\":[\"https:\\\/\\\/www.facebook.com\\\/actiefhartmanns\",\"https:\\\/\\\/www.linkedin.com\\\/company\\\/actiefhartmanns\",\"https:\\\/\\\/www.instagram.com\\\/actiefhartmanns\\\/\"]}]}<\/script>\n<!-- \/ Yoast SEO plugin. -->","yoast_head_json":{"title":"Finance and Insurance | Actief Hartmanns","robots":{"index":"index","follow":"follow","max-snippet":"max-snippet:-1","max-image-preview":"max-image-preview:large","max-video-preview":"max-video-preview:-1"},"canonical":"https:\/\/actief-hartmanns.dk\/en\/finance-and-insurance\/","og_locale":"en_US","og_type":"article","og_title":"Finance and Insurance | Actief Hartmanns","og_url":"https:\/\/actief-hartmanns.dk\/en\/finance-and-insurance\/","og_site_name":"Actief Hartmanns","article_publisher":"https:\/\/www.facebook.com\/actiefhartmanns","article_modified_time":"2024-02-15T13:55:24+00:00","twitter_card":"summary_large_image","schema":{"@context":"https:\/\/schema.org","@graph":[{"@type":"WebPage","@id":"https:\/\/actief-hartmanns.dk\/en\/finance-and-insurance\/","url":"https:\/\/actief-hartmanns.dk\/en\/finance-and-insurance\/","name":"Finance and Insurance | Actief Hartmanns","isPartOf":{"@id":"https:\/\/actief-hartmanns.dk\/en\/#website"},"datePublished":"2023-12-04T09:33:53+00:00","dateModified":"2024-02-15T13:55:24+00:00","breadcrumb":{"@id":"https:\/\/actief-hartmanns.dk\/en\/finance-and-insurance\/#breadcrumb"},"inLanguage":"en-US","potentialAction":[{"@type":"ReadAction","target":["https:\/\/actief-hartmanns.dk\/en\/finance-and-insurance\/"]}]},{"@type":"BreadcrumbList","@id":"https:\/\/actief-hartmanns.dk\/en\/finance-and-insurance\/#breadcrumb","itemListElement":[{"@type":"ListItem","position":1,"name":"Home","item":"https:\/\/actief-hartmanns.dk\/en\/"},{"@type":"ListItem","position":2,"name":"Posts","item":"https:\/\/actief-hartmanns.dk\/en\/blog\/"},{"@type":"ListItem","position":3,"name":"Finance and Insurance"}]},{"@type":"WebSite","@id":"https:\/\/actief-hartmanns.dk\/en\/#website","url":"https:\/\/actief-hartmanns.dk\/en\/","name":"Actief Hartmanns","description":"","publisher":{"@id":"https:\/\/actief-hartmanns.dk\/en\/#organization"},"potentialAction":[{"@type":"SearchAction","target":{"@type":"EntryPoint","urlTemplate":"https:\/\/actief-hartmanns.dk\/en\/?s={search_term_string}"},"query-input":{"@type":"PropertyValueSpecification","valueRequired":true,"valueName":"search_term_string"}}],"inLanguage":"en-US"},{"@type":"Organization","@id":"https:\/\/actief-hartmanns.dk\/en\/#organization","name":"Actief Hartmanns","url":"https:\/\/actief-hartmanns.dk\/en\/","logo":{"@type":"ImageObject","inLanguage":"en-US","@id":"https:\/\/actief-hartmanns.dk\/en\/#\/schema\/logo\/image\/","url":"https:\/\/actief-hartmanns.dk\/wp-content\/uploads\/2023\/05\/logo.png","contentUrl":"https:\/\/actief-hartmanns.dk\/wp-content\/uploads\/2023\/05\/logo.png","width":212,"height":47,"caption":"Actief Hartmanns"},"image":{"@id":"https:\/\/actief-hartmanns.dk\/en\/#\/schema\/logo\/image\/"},"sameAs":["https:\/\/www.facebook.com\/actiefhartmanns","https:\/\/www.linkedin.com\/company\/actiefhartmanns","https:\/\/www.instagram.com\/actiefhartmanns\/"]}]}},"_links":{"self":[{"href":"https:\/\/actief-hartmanns.dk\/en\/wp-json\/wp\/v2\/pages\/7170","targetHints":{"allow":["GET"]}}],"collection":[{"href":"https:\/\/actief-hartmanns.dk\/en\/wp-json\/wp\/v2\/pages"}],"about":[{"href":"https:\/\/actief-hartmanns.dk\/en\/wp-json\/wp\/v2\/types\/page"}],"author":[{"embeddable":true,"href":"https:\/\/actief-hartmanns.dk\/en\/wp-json\/wp\/v2\/users\/5"}],"replies":[{"embeddable":true,"href":"https:\/\/actief-hartmanns.dk\/en\/wp-json\/wp\/v2\/comments?post=7170"}],"version-history":[{"count":1,"href":"https:\/\/actief-hartmanns.dk\/en\/wp-json\/wp\/v2\/pages\/7170\/revisions"}],"predecessor-version":[{"id":7171,"href":"https:\/\/actief-hartmanns.dk\/en\/wp-json\/wp\/v2\/pages\/7170\/revisions\/7171"}],"wp:attachment":[{"href":"https:\/\/actief-hartmanns.dk\/en\/wp-json\/wp\/v2\/media?parent=7170"}],"curies":[{"name":"wp","href":"https:\/\/api.w.org\/{rel}","templated":true}]}}