{"id":6893,"date":"2023-07-18T15:45:02","date_gmt":"2023-07-18T13:45:02","guid":{"rendered":"https:\/\/actief-hartmanns.dk\/private-career-guidance\/"},"modified":"2024-02-07T12:36:38","modified_gmt":"2024-02-07T11:36:38","slug":"career","status":"publish","type":"page","link":"https:\/\/actief-hartmanns.dk\/en\/career\/","title":{"rendered":"Private career guidance"},"content":{"rendered":"<div class=\"hero-section slim\">\n\t<div class=\"container\">\n\t\t<div class=\"row\">\n\t\t\t<div class=\"col-10 col-lg-7 col-xl-5 offset-1\">\n\t\t\t\t<h1 class=\"heading\"><\/h1>\n\t\t\t\t<p class=\"subtitle\"><\/p>\n\t\t\t\t\t\t\t<\/div>\n\t\t<\/div>\n\t\t<div class=\"hero-section__background\">\n\t\t\t<img loading=\"lazy\" decoding=\"async\" width=\"1500\" height=\"400\" src=\"https:\/\/actief-hartmanns.dk\/wp-content\/uploads\/2023\/07\/mand-taler-til-moede.png\" class=\"attachment-full size-full\" alt=\"\" srcset=\"https:\/\/actief-hartmanns.dk\/wp-content\/uploads\/2023\/07\/mand-taler-til-moede.png 1500w, https:\/\/actief-hartmanns.dk\/wp-content\/uploads\/2023\/07\/mand-taler-til-moede-300x80.png 300w, https:\/\/actief-hartmanns.dk\/wp-content\/uploads\/2023\/07\/mand-taler-til-moede-1024x273.png 1024w, https:\/\/actief-hartmanns.dk\/wp-content\/uploads\/2023\/07\/mand-taler-til-moede-768x205.png 768w\" sizes=\"auto, (max-width: 1500px) 100vw, 1500px\" \/>\t\t\t<div class=\"overlay\"><\/div>\n\t\t<\/div>\n\t<\/div>\n<\/div>\n<div class=\"cs-text-section article-background\">\n\t<article class=\"node node--type-cs-text node--view-mode-full node--columns--1\">\n\t\t<div class=\"node__content\">\n\t\t\t<div class=\"text__column\">\n\t\t\t\t<h1>Private career guidance<\/h1>\n<h2>Get a good work life<\/h2>\n<p>If you need guidance regarding your career and work life, there are several options available. Whether you are a leader, new to the job market, or an experienced professional seeking advice on your career development, we can assist you.<\/p>\n<p>When you, as an individual, receive career guidance at Actief Hartmanns, you will be assigned a personal coach. We ensure that your development process is smooth, including a telephonic &#8216;chemistry check&#8217; to match you with the right coach. The chemistry between you and your coach is crucial for a successful development. We highly value honesty and recognize that some individuals may connect better with certain coaches, so it is entirely acceptable to request a different coach.<\/p>\n<p>The chemistry between you and your coach is crucial for a successful development. We highly value honesty and recognize that some individuals may connect better with certain coaches, so it is entirely acceptable to request a different coach.<\/p>\n<p>While we prefer not to categorize individuals, for the sake of clarity, we have done so. We hope you find a match, but if not, feel free to contact us. We will create a new &#8220;category&#8221; and find a consultant who precisely meets your needs. Vi h\u00e5ber, du finder en, der matcher dig, ellers t\u00f8v ikke med at ringe til os, s\u00e5 opretter vi en ny &#8220;kasse&#8221; og finder en konsulent, der matcher pr\u00e6cis dine behov. <\/p>\n\t\t\t<\/div>\n\t\t\t\t\t<\/div>\n\t\t\t\t\t<div class=\"node--type-page\">\n\t\t\t\t<div class=\"share__shareoptions-wrapper\">\n\t\t\t\t\t<div class=\"share__shareoptions\">\n\t\t\t\t\t\t<div class=\"shareButtonsText\">\n\t\t\t\t\t\t\t<p>Share:<\/p>\n\t\t\t\t\t\t<\/div>\n\t\t\t\t\t\t<div class=\"socialIcons\">\n\t\t\t\t\t\t\t<a href=\"https:\/\/www.linkedin.com\/shareArticle?mini=true&amp;url=https:\/\/actief-hartmanns.dk\/en\/career\/\" target=\"_blank\" class=\"shareoption in\"><\/a>\n\t\t\t\t\t\t\t<a href=\"https:\/\/www.facebook.com\/sharer\/sharer.php?u=https:\/\/actief-hartmanns.dk\/en\/career\/\" target=\"_blank\" class=\"shareoption fb\"><\/a>\n\t\t\t\t\t\t<\/div>\n\t\t\t\t\t<\/div>\n\t\t\t\t<\/div>\n\t\t\t<\/div>\n\t\t\t<\/article>\n<\/div>\n<div class=\"article-background d-inline-block\">\n\t<article class=\"submenu-link-blocks-section node node--type-cs-submenu-link-blocks node--view-mode-full container px-0\">\n\t\t<div class=\"node__content\">\n\t\t\t<div class=\"field field--name-field-submenu-boxes field--type-entity-reference-revisions field--label-hidden field__items\">\n\t\t\t\t\t\t\t\t\t<div class=\"field__item\">\n\t\t\t\t\t\t<div class=\"paragraph paragraph--type--submenu-box paragraph--view-mode--default\">\n\t\t\t\t\t\t\t<div class=\"p-image\" style=\"background-image: url('https:\/\/actief-hartmanns.dk\/wp-content\/uploads\/2023\/07\/marten-bjork-6dw3xyqvcye-unsplash.jpg');\"><\/div>\n\t\t\t\t\t\t\t<div class=\"p-content\">\n\t\t\t\t\t\t\t\t<div class=\"field field--name-field-box-link field--type-link field--label-hidden field__item\">\n\t\t\t\t\t\t\t\t\t<a href=\"https:\/\/actief-hartmanns.dk\/jobskifte-ny-karriere\/\" target=\"_blank\">Career change &#8211; New career<\/a>\n\t\t\t\t\t\t\t\t<\/div>\n\t\t\t\t\t\t\t\t<div class=\"field field--name-field-box-headline field--type-string field--label-hidden field__item\">Career change -New career<\/div>\n\t\t\t\t\t\t\t\t<div class=\"field field--name-field-box-text field--type-string-long field--label-hidden field__item\">Are you considering changing jobs, lacking motivation in your current role, or feeling stuck?<\/div>\n\t\t\t\t\t\t\t\t<span class=\"button_arrow\"><\/span>\n\t\t\t\t\t\t\t<\/div>\n\t\t\t\t\t\t<\/div>\n\t\t\t\t\t<\/div>\n\t\t\t\t\t\t\t\t\t<div class=\"field__item\">\n\t\t\t\t\t\t<div class=\"paragraph paragraph--type--submenu-box paragraph--view-mode--default\">\n\t\t\t\t\t\t\t<div class=\"p-image\" style=\"background-image: url('https:\/\/actief-hartmanns.dk\/wp-content\/uploads\/2023\/07\/bigstock-end-of-successful-job-intervie-240348139.jpg');\"><\/div>\n\t\t\t\t\t\t\t<div class=\"p-content\">\n\t\t\t\t\t\t\t\t<div class=\"field field--name-field-box-link field--type-link field--label-hidden field__item\">\n\t\t\t\t\t\t\t\t\t<a href=\"https:\/\/actief-hartmanns.dk\/karrierepleje-med-personlig-coach\/\" target=\"_blank\">Career care &#8211; With a personal coach<\/a>\n\t\t\t\t\t\t\t\t<\/div>\n\t\t\t\t\t\t\t\t<div class=\"field field--name-field-box-headline field--type-string field--label-hidden field__item\">Career care &#8211; With a personal coach<\/div>\n\t\t\t\t\t\t\t\t<div class=\"field field--name-field-box-text field--type-string-long field--label-hidden field__item\">Are you well into your career, and is it time to nurture it? Get advice on questions like, &#8216;What is my next step in my career?&#8217; or &#8216;How do I ensure a balance between work and personal life?<\/div>\n\t\t\t\t\t\t\t\t<span class=\"button_arrow\"><\/span>\n\t\t\t\t\t\t\t<\/div>\n\t\t\t\t\t\t<\/div>\n\t\t\t\t\t<\/div>\n\t\t\t\t\t\t\t\t\t<div class=\"field__item\">\n\t\t\t\t\t\t<div class=\"paragraph paragraph--type--submenu-box paragraph--view-mode--default\">\n\t\t\t\t\t\t\t<div class=\"p-image\" style=\"background-image: url('https:\/\/actief-hartmanns.dk\/wp-content\/uploads\/2023\/07\/razvan-chisu-ua-agenjmi4-unsplash.jpg');\"><\/div>\n\t\t\t\t\t\t\t<div class=\"p-content\">\n\t\t\t\t\t\t\t\t<div class=\"field field--name-field-box-link field--type-link field--label-hidden field__item\">\n\t\t\t\t\t\t\t\t\t<a href=\"https:\/\/actief-hartmanns.dk\/executive-lederadgivning\/\" target=\"_blank\">Executive leadership coaching<\/a>\n\t\t\t\t\t\t\t\t<\/div>\n\t\t\t\t\t\t\t\t<div class=\"field field--name-field-box-headline field--type-string field--label-hidden field__item\">Executive leadership coaching <\/div>\n\t\t\t\t\t\t\t\t<div class=\"field field--name-field-box-text field--type-string-long field--label-hidden field__item\">Your personal space, where you can discuss anything. You choose the topic.<\/div>\n\t\t\t\t\t\t\t\t<span class=\"button_arrow\"><\/span>\n\t\t\t\t\t\t\t<\/div>\n\t\t\t\t\t\t<\/div>\n\t\t\t\t\t<\/div>\n\t\t\t\t\t\t\t\t\t<div class=\"field__item\">\n\t\t\t\t\t\t<div class=\"paragraph paragraph--type--submenu-box paragraph--view-mode--default\">\n\t\t\t\t\t\t\t<div class=\"p-image\" style=\"background-image: url('https:\/\/actief-hartmanns.dk\/wp-content\/uploads\/2023\/07\/alexandre-chambon-174070-unsplash.jpg');\"><\/div>\n\t\t\t\t\t\t\t<div class=\"p-content\">\n\t\t\t\t\t\t\t\t<div class=\"field field--name-field-box-link field--type-link field--label-hidden field__item\">\n\t\t\t\t\t\t\t\t\t<a href=\"https:\/\/actief-hartmanns.dk\/ledig-eller-opsagt\/\" target=\"_blank\">Unemployed or terminated<\/a>\n\t\t\t\t\t\t\t\t<\/div>\n\t\t\t\t\t\t\t\t<div class=\"field field--name-field-box-headline field--type-string field--label-hidden field__item\">Unemployed or terminated<\/div>\n\t\t\t\t\t\t\t\t<div class=\"field field--name-field-box-text field--type-string-long field--label-hidden field__item\">Get job advice and gain competence clarification. We work with who you still are.<\/div>\n\t\t\t\t\t\t\t\t<span class=\"button_arrow\"><\/span>\n\t\t\t\t\t\t\t<\/div>\n\t\t\t\t\t\t<\/div>\n\t\t\t\t\t<\/div>\n\t\t\t\t\t\t\t\t\t<div class=\"field__item\">\n\t\t\t\t\t\t<div class=\"paragraph paragraph--type--submenu-box paragraph--view-mode--default\">\n\t\t\t\t\t\t\t<div class=\"p-image\" style=\"background-image: url('https:\/\/actief-hartmanns.dk\/wp-content\/uploads\/2023\/07\/husna-miskandar-fc4z3l4suyc-unsplash.jpg');\"><\/div>\n\t\t\t\t\t\t\t<div class=\"p-content\">\n\t\t\t\t\t\t\t\t<div class=\"field field--name-field-box-link field--type-link field--label-hidden field__item\">\n\t\t\t\t\t\t\t\t\t<a href=\"https:\/\/actief-hartmanns.dk\/nyuddannet-eller-ny-i-job\/\" target=\"_blank\">Recent graduate &#8211; New to the job market<\/a>\n\t\t\t\t\t\t\t\t<\/div>\n\t\t\t\t\t\t\t\t<div class=\"field field--name-field-box-headline field--type-string field--label-hidden field__item\">Recent graduate &#8211; New to the job market<\/div>\n\t\t\t\t\t\t\t\t<div class=\"field field--name-field-box-text field--type-string-long field--label-hidden field__item\">Starting a new job is like starting on a new journey Receive support and guidance throughout the first 6 months<\/div>\n\t\t\t\t\t\t\t\t<span class=\"button_arrow\"><\/span>\n\t\t\t\t\t\t\t<\/div>\n\t\t\t\t\t\t<\/div>\n\t\t\t\t\t<\/div>\n\t\t\t\t\t\t\t\t\t<div class=\"field__item\">\n\t\t\t\t\t\t<div class=\"paragraph paragraph--type--submenu-box paragraph--view-mode--default\">\n\t\t\t\t\t\t\t<div class=\"p-image\" style=\"background-image: url('https:\/\/actief-hartmanns.dk\/wp-content\/uploads\/2023\/07\/karrie_4.png');\"><\/div>\n\t\t\t\t\t\t\t<div class=\"p-content\">\n\t\t\t\t\t\t\t\t<div class=\"field field--name-field-box-link field--type-link field--label-hidden field__item\">\n\t\t\t\t\t\t\t\t\t<a href=\"https:\/\/actief-hartmanns.dk\/priser-til-karriereradgivning\/\" target=\"_blank\">Prices for career guidance<\/a>\n\t\t\t\t\t\t\t\t<\/div>\n\t\t\t\t\t\t\t\t<div class=\"field field--name-field-box-headline field--type-string field--label-hidden field__item\">Prices<\/div>\n\t\t\t\t\t\t\t\t<div class=\"field field--name-field-box-text field--type-string-long field--label-hidden field__item\">The possibilities are many.<br> <br> If you have any questions about the programs or need assistance in finding the perfect one for your situation, feel free to ask.<br> <br> So, do not hesitate; you are always welcome to contact us.<\/div>\n\t\t\t\t\t\t\t\t<span class=\"button_arrow\"><\/span>\n\t\t\t\t\t\t\t<\/div>\n\t\t\t\t\t\t<\/div>\n\t\t\t\t\t<\/div>\n\t\t\t\t\t\t\t<\/div>\n\t\t<\/div>\n\t<\/article>\n<\/div>\n","protected":false},"excerpt":{"rendered":"","protected":false},"author":2,"featured_media":0,"parent":0,"menu_order":0,"comment_status":"closed","ping_status":"closed","template":"","meta":{"_acf_changed":false,"inline_featured_image":false,"footnotes":""},"class_list":["post-6893","page","type-page","status-publish","hentry"],"acf":[],"yoast_head":"<!-- This site is optimized with the Yoast SEO plugin v27.2 - https:\/\/yoast.com\/product\/yoast-seo-wordpress\/ -->\n<title>Private career guidance | Actief Hartmanns<\/title>\n<meta name=\"robots\" content=\"index, follow, max-snippet:-1, max-image-preview:large, max-video-preview:-1\" \/>\n<link rel=\"canonical\" href=\"https:\/\/actief-hartmanns.dk\/en\/career\/\" \/>\n<meta property=\"og:locale\" content=\"en_US\" \/>\n<meta property=\"og:type\" content=\"article\" \/>\n<meta property=\"og:title\" content=\"Private career guidance | Actief Hartmanns\" \/>\n<meta property=\"og:url\" content=\"https:\/\/actief-hartmanns.dk\/en\/career\/\" \/>\n<meta property=\"og:site_name\" content=\"Actief Hartmanns\" \/>\n<meta property=\"article:publisher\" content=\"https:\/\/www.facebook.com\/actiefhartmanns\" \/>\n<meta property=\"article:modified_time\" content=\"2024-02-07T11:36:38+00:00\" \/>\n<meta name=\"twitter:card\" content=\"summary_large_image\" \/>\n<script type=\"application\/ld+json\" class=\"yoast-schema-graph\">{\"@context\":\"https:\/\/schema.org\",\"@graph\":[{\"@type\":\"WebPage\",\"@id\":\"https:\/\/actief-hartmanns.dk\/en\/career\/\",\"url\":\"https:\/\/actief-hartmanns.dk\/en\/career\/\",\"name\":\"Private career guidance | Actief Hartmanns\",\"isPartOf\":{\"@id\":\"https:\/\/actief-hartmanns.dk\/en\/#website\"},\"datePublished\":\"2023-07-18T13:45:02+00:00\",\"dateModified\":\"2024-02-07T11:36:38+00:00\",\"breadcrumb\":{\"@id\":\"https:\/\/actief-hartmanns.dk\/en\/career\/#breadcrumb\"},\"inLanguage\":\"en-US\",\"potentialAction\":[{\"@type\":\"ReadAction\",\"target\":[\"https:\/\/actief-hartmanns.dk\/en\/career\/\"]}]},{\"@type\":\"BreadcrumbList\",\"@id\":\"https:\/\/actief-hartmanns.dk\/en\/career\/#breadcrumb\",\"itemListElement\":[{\"@type\":\"ListItem\",\"position\":1,\"name\":\"Home\",\"item\":\"https:\/\/actief-hartmanns.dk\/en\/\"},{\"@type\":\"ListItem\",\"position\":2,\"name\":\"Posts\",\"item\":\"https:\/\/actief-hartmanns.dk\/en\/blog\/\"},{\"@type\":\"ListItem\",\"position\":3,\"name\":\"Private career guidance\"}]},{\"@type\":\"WebSite\",\"@id\":\"https:\/\/actief-hartmanns.dk\/en\/#website\",\"url\":\"https:\/\/actief-hartmanns.dk\/en\/\",\"name\":\"Actief Hartmanns\",\"description\":\"\",\"publisher\":{\"@id\":\"https:\/\/actief-hartmanns.dk\/en\/#organization\"},\"potentialAction\":[{\"@type\":\"SearchAction\",\"target\":{\"@type\":\"EntryPoint\",\"urlTemplate\":\"https:\/\/actief-hartmanns.dk\/en\/?s={search_term_string}\"},\"query-input\":{\"@type\":\"PropertyValueSpecification\",\"valueRequired\":true,\"valueName\":\"search_term_string\"}}],\"inLanguage\":\"en-US\"},{\"@type\":\"Organization\",\"@id\":\"https:\/\/actief-hartmanns.dk\/en\/#organization\",\"name\":\"Actief Hartmanns\",\"url\":\"https:\/\/actief-hartmanns.dk\/en\/\",\"logo\":{\"@type\":\"ImageObject\",\"inLanguage\":\"en-US\",\"@id\":\"https:\/\/actief-hartmanns.dk\/en\/#\/schema\/logo\/image\/\",\"url\":\"https:\/\/actief-hartmanns.dk\/wp-content\/uploads\/2023\/05\/logo.png\",\"contentUrl\":\"https:\/\/actief-hartmanns.dk\/wp-content\/uploads\/2023\/05\/logo.png\",\"width\":212,\"height\":47,\"caption\":\"Actief Hartmanns\"},\"image\":{\"@id\":\"https:\/\/actief-hartmanns.dk\/en\/#\/schema\/logo\/image\/\"},\"sameAs\":[\"https:\/\/www.facebook.com\/actiefhartmanns\",\"https:\/\/www.linkedin.com\/company\/actiefhartmanns\",\"https:\/\/www.instagram.com\/actiefhartmanns\/\"]}]}<\/script>\n<!-- \/ Yoast SEO plugin. -->","yoast_head_json":{"title":"Private career guidance | Actief Hartmanns","robots":{"index":"index","follow":"follow","max-snippet":"max-snippet:-1","max-image-preview":"max-image-preview:large","max-video-preview":"max-video-preview:-1"},"canonical":"https:\/\/actief-hartmanns.dk\/en\/career\/","og_locale":"en_US","og_type":"article","og_title":"Private career guidance | Actief Hartmanns","og_url":"https:\/\/actief-hartmanns.dk\/en\/career\/","og_site_name":"Actief Hartmanns","article_publisher":"https:\/\/www.facebook.com\/actiefhartmanns","article_modified_time":"2024-02-07T11:36:38+00:00","twitter_card":"summary_large_image","schema":{"@context":"https:\/\/schema.org","@graph":[{"@type":"WebPage","@id":"https:\/\/actief-hartmanns.dk\/en\/career\/","url":"https:\/\/actief-hartmanns.dk\/en\/career\/","name":"Private career guidance | Actief Hartmanns","isPartOf":{"@id":"https:\/\/actief-hartmanns.dk\/en\/#website"},"datePublished":"2023-07-18T13:45:02+00:00","dateModified":"2024-02-07T11:36:38+00:00","breadcrumb":{"@id":"https:\/\/actief-hartmanns.dk\/en\/career\/#breadcrumb"},"inLanguage":"en-US","potentialAction":[{"@type":"ReadAction","target":["https:\/\/actief-hartmanns.dk\/en\/career\/"]}]},{"@type":"BreadcrumbList","@id":"https:\/\/actief-hartmanns.dk\/en\/career\/#breadcrumb","itemListElement":[{"@type":"ListItem","position":1,"name":"Home","item":"https:\/\/actief-hartmanns.dk\/en\/"},{"@type":"ListItem","position":2,"name":"Posts","item":"https:\/\/actief-hartmanns.dk\/en\/blog\/"},{"@type":"ListItem","position":3,"name":"Private career guidance"}]},{"@type":"WebSite","@id":"https:\/\/actief-hartmanns.dk\/en\/#website","url":"https:\/\/actief-hartmanns.dk\/en\/","name":"Actief Hartmanns","description":"","publisher":{"@id":"https:\/\/actief-hartmanns.dk\/en\/#organization"},"potentialAction":[{"@type":"SearchAction","target":{"@type":"EntryPoint","urlTemplate":"https:\/\/actief-hartmanns.dk\/en\/?s={search_term_string}"},"query-input":{"@type":"PropertyValueSpecification","valueRequired":true,"valueName":"search_term_string"}}],"inLanguage":"en-US"},{"@type":"Organization","@id":"https:\/\/actief-hartmanns.dk\/en\/#organization","name":"Actief Hartmanns","url":"https:\/\/actief-hartmanns.dk\/en\/","logo":{"@type":"ImageObject","inLanguage":"en-US","@id":"https:\/\/actief-hartmanns.dk\/en\/#\/schema\/logo\/image\/","url":"https:\/\/actief-hartmanns.dk\/wp-content\/uploads\/2023\/05\/logo.png","contentUrl":"https:\/\/actief-hartmanns.dk\/wp-content\/uploads\/2023\/05\/logo.png","width":212,"height":47,"caption":"Actief Hartmanns"},"image":{"@id":"https:\/\/actief-hartmanns.dk\/en\/#\/schema\/logo\/image\/"},"sameAs":["https:\/\/www.facebook.com\/actiefhartmanns","https:\/\/www.linkedin.com\/company\/actiefhartmanns","https:\/\/www.instagram.com\/actiefhartmanns\/"]}]}},"_links":{"self":[{"href":"https:\/\/actief-hartmanns.dk\/en\/wp-json\/wp\/v2\/pages\/6893","targetHints":{"allow":["GET"]}}],"collection":[{"href":"https:\/\/actief-hartmanns.dk\/en\/wp-json\/wp\/v2\/pages"}],"about":[{"href":"https:\/\/actief-hartmanns.dk\/en\/wp-json\/wp\/v2\/types\/page"}],"author":[{"embeddable":true,"href":"https:\/\/actief-hartmanns.dk\/en\/wp-json\/wp\/v2\/users\/2"}],"replies":[{"embeddable":true,"href":"https:\/\/actief-hartmanns.dk\/en\/wp-json\/wp\/v2\/comments?post=6893"}],"version-history":[{"count":12,"href":"https:\/\/actief-hartmanns.dk\/en\/wp-json\/wp\/v2\/pages\/6893\/revisions"}],"predecessor-version":[{"id":6990,"href":"https:\/\/actief-hartmanns.dk\/en\/wp-json\/wp\/v2\/pages\/6893\/revisions\/6990"}],"wp:attachment":[{"href":"https:\/\/actief-hartmanns.dk\/en\/wp-json\/wp\/v2\/media?parent=6893"}],"curies":[{"name":"wp","href":"https:\/\/api.w.org\/{rel}","templated":true}]}}